{"id":604,"date":"2023-11-17T10:00:53","date_gmt":"2023-11-17T09:00:53","guid":{"rendered":"https:\/\/www.ifa-financialservice.it\/aziende\/finanzierungsloesungen-project-finance\/"},"modified":"2025-12-12T10:04:26","modified_gmt":"2025-12-12T09:04:26","slug":"debt-advisory","status":"publish","type":"page","link":"https:\/\/www.ifa-financialservice.it\/it\/aziende\/debt-advisory\/","title":{"rendered":"Debt Advisory"},"content":{"rendered":"<p>I progetti di investimento ed espansione richiedono una struttura di finanziamento solida, sostenibile e coerente sotto il profilo economico e strutturale. La sfida non risiede nella disponibilit\u00e0 dei singoli strumenti, bens\u00ec nella loro corretta combinazione e nella sostenibilit\u00e0 nel lungo periodo.<br \/>\n<em>State pianificando, ad esempio, l\u2019acquisto o la realizzazione di un nuovo immobile aziendale e valutate se un\u2019operazione di leasing possa rappresentare una soluzione adeguata? Confrontatevi con noi: vi illustriamo le diverse alternative disponibili e predisponiamo analisi comparative e simulazioni dettagliate, al fine di definire la struttura di finanziamento pi\u00f9 efficiente dal punto di vista strategico ed economico.<\/em><\/p>\n<p>Vi supportiamo nella strutturazione di soluzioni di finanziamento coerenti con il vostro modello di business. Il nostro intervento comprende l\u2019analisi della situazione finanziaria di partenza, la predisposizione di business plan e modelli finanziari integrati, fino alla definizione di una strategia di finanziamento su misura.<\/p>\n<p>Valutiamo sia le forme tradizionali di finanziamento bancario sia strutture alternative, incluse soluzioni di debito e equity, strumenti mezzanini e ibridi, nonch\u00e9 strumenti strutturati selezionati (ad esempio Minibond o modelli di finanziamento di progetto).<\/p>\n<p>Qualora vengano presi in considerazione modelli partecipativi, affianchiamo l\u2019impresa nella strutturazione concettuale e nella preparazione professionale della documentazione rilevante ai fini decisionali.<\/p>\n<p>Contattateci se desiderate analizzare in modo approfondito e sviluppare strategicamente la struttura di finanziamento della vostra azienda o del vostro progetto. Saremo lieti di fissare un primo incontro conoscitivo, senza impegno.<\/p>\n","protected":false},"excerpt":{"rendered":"<p>I progetti di investimento ed espansione richiedono una struttura di finanziamento solida, sostenibile e coerente sotto il profilo economico e strutturale. La sfida non risiede nella disponibilit\u00e0 dei singoli strumenti, bens\u00ec nella loro corretta combinazione e nella sostenibilit\u00e0 nel lungo periodo. State pianificando, ad esempio, l\u2019acquisto o la realizzazione di un nuovo immobile aziendale e [&hellip;]<\/p>\n","protected":false},"author":1,"featured_media":415,"parent":588,"menu_order":0,"comment_status":"closed","ping_status":"closed","template":"template-Child.php","meta":{"_acf_changed":false,"inline_featured_image":false,"footnotes":""},"class_list":["post-604","page","type-page","status-publish","has-post-thumbnail","hentry"],"acf":[],"yoast_head":"<!-- This site is optimized with the Yoast SEO plugin v22.8 - https:\/\/yoast.com\/wordpress\/plugins\/seo\/ -->\n<title>Debt Advisory<\/title>\n<meta name=\"description\" content=\"I progetti di investimento ed espansione richiedono una struttura di finanziamento solida, sostenibile e coerente sotto il profilo economico e strutturale.\" \/>\n<meta name=\"robots\" content=\"index, follow, max-snippet:-1, max-image-preview:large, max-video-preview:-1\" \/>\n<link rel=\"canonical\" href=\"https:\/\/www.ifa-financialservice.it\/it\/aziende\/debt-advisory\/\" \/>\n<meta property=\"og:locale\" content=\"it_IT\" \/>\n<meta property=\"og:type\" content=\"article\" \/>\n<meta property=\"og:title\" content=\"Debt Advisory\" \/>\n<meta property=\"og:description\" content=\"I progetti di investimento ed espansione richiedono una struttura di finanziamento solida, sostenibile e coerente sotto il profilo economico e strutturale.\" \/>\n<meta property=\"og:url\" content=\"https:\/\/www.ifa-financialservice.it\/it\/aziende\/debt-advisory\/\" \/>\n<meta property=\"og:site_name\" content=\"IFA Financial Service\" \/>\n<meta property=\"article:modified_time\" content=\"2025-12-12T09:04:26+00:00\" \/>\n<meta property=\"og:image\" content=\"https:\/\/www.ifa-financialservice.it\/wp-content\/uploads\/studio-foppa-8802.jpg\" \/>\n\t<meta property=\"og:image:width\" content=\"2500\" \/>\n\t<meta property=\"og:image:height\" content=\"1667\" \/>\n\t<meta property=\"og:image:type\" content=\"image\/jpeg\" \/>\n<meta name=\"twitter:label1\" content=\"Tempo di lettura stimato\" \/>\n\t<meta name=\"twitter:data1\" content=\"2 minuti\" \/>\n<script type=\"application\/ld+json\" class=\"yoast-schema-graph\">{\"@context\":\"https:\/\/schema.org\",\"@graph\":[{\"@type\":\"WebPage\",\"@id\":\"https:\/\/www.ifa-financialservice.it\/it\/aziende\/debt-advisory\/\",\"url\":\"https:\/\/www.ifa-financialservice.it\/it\/aziende\/debt-advisory\/\",\"name\":\"Debt Advisory\",\"isPartOf\":{\"@id\":\"https:\/\/www.ifa-financialservice.it\/it\/#website\"},\"primaryImageOfPage\":{\"@id\":\"https:\/\/www.ifa-financialservice.it\/it\/aziende\/debt-advisory\/#primaryimage\"},\"image\":{\"@id\":\"https:\/\/www.ifa-financialservice.it\/it\/aziende\/debt-advisory\/#primaryimage\"},\"thumbnailUrl\":\"https:\/\/www.ifa-financialservice.it\/wp-content\/uploads\/studio-foppa-8802.jpg\",\"datePublished\":\"2023-11-17T09:00:53+00:00\",\"dateModified\":\"2025-12-12T09:04:26+00:00\",\"description\":\"I progetti di investimento ed espansione richiedono una struttura di finanziamento solida, sostenibile e coerente sotto il profilo economico e strutturale.\",\"breadcrumb\":{\"@id\":\"https:\/\/www.ifa-financialservice.it\/it\/aziende\/debt-advisory\/#breadcrumb\"},\"inLanguage\":\"it-IT\",\"potentialAction\":[{\"@type\":\"ReadAction\",\"target\":[\"https:\/\/www.ifa-financialservice.it\/it\/aziende\/debt-advisory\/\"]}]},{\"@type\":\"ImageObject\",\"inLanguage\":\"it-IT\",\"@id\":\"https:\/\/www.ifa-financialservice.it\/it\/aziende\/debt-advisory\/#primaryimage\",\"url\":\"https:\/\/www.ifa-financialservice.it\/wp-content\/uploads\/studio-foppa-8802.jpg\",\"contentUrl\":\"https:\/\/www.ifa-financialservice.it\/wp-content\/uploads\/studio-foppa-8802.jpg\",\"width\":2500,\"height\":1667,\"caption\":\"1\"},{\"@type\":\"BreadcrumbList\",\"@id\":\"https:\/\/www.ifa-financialservice.it\/it\/aziende\/debt-advisory\/#breadcrumb\",\"itemListElement\":[{\"@type\":\"ListItem\",\"position\":1,\"name\":\"Aziende\",\"item\":\"https:\/\/www.ifa-financialservice.it\/it\/\"},{\"@type\":\"ListItem\",\"position\":2,\"name\":\"Debt Advisory\"}]},{\"@type\":\"WebSite\",\"@id\":\"https:\/\/www.ifa-financialservice.it\/it\/#website\",\"url\":\"https:\/\/www.ifa-financialservice.it\/it\/\",\"name\":\"IFA Financial Service\",\"description\":\"\",\"potentialAction\":[{\"@type\":\"SearchAction\",\"target\":{\"@type\":\"EntryPoint\",\"urlTemplate\":\"https:\/\/www.ifa-financialservice.it\/it\/?s={search_term_string}\"},\"query-input\":\"required name=search_term_string\"}],\"inLanguage\":\"it-IT\"}]}<\/script>\n<!-- \/ Yoast SEO plugin. -->","yoast_head_json":{"title":"Debt Advisory","description":"I progetti di investimento ed espansione richiedono una struttura di finanziamento solida, sostenibile e coerente sotto il profilo economico e strutturale.","robots":{"index":"index","follow":"follow","max-snippet":"max-snippet:-1","max-image-preview":"max-image-preview:large","max-video-preview":"max-video-preview:-1"},"canonical":"https:\/\/www.ifa-financialservice.it\/it\/aziende\/debt-advisory\/","og_locale":"it_IT","og_type":"article","og_title":"Debt Advisory","og_description":"I progetti di investimento ed espansione richiedono una struttura di finanziamento solida, sostenibile e coerente sotto il profilo economico e strutturale.","og_url":"https:\/\/www.ifa-financialservice.it\/it\/aziende\/debt-advisory\/","og_site_name":"IFA Financial Service","article_modified_time":"2025-12-12T09:04:26+00:00","og_image":[{"width":2500,"height":1667,"url":"https:\/\/www.ifa-financialservice.it\/wp-content\/uploads\/studio-foppa-8802.jpg","type":"image\/jpeg"}],"twitter_misc":{"Tempo di lettura stimato":"2 minuti"},"schema":{"@context":"https:\/\/schema.org","@graph":[{"@type":"WebPage","@id":"https:\/\/www.ifa-financialservice.it\/it\/aziende\/debt-advisory\/","url":"https:\/\/www.ifa-financialservice.it\/it\/aziende\/debt-advisory\/","name":"Debt Advisory","isPartOf":{"@id":"https:\/\/www.ifa-financialservice.it\/it\/#website"},"primaryImageOfPage":{"@id":"https:\/\/www.ifa-financialservice.it\/it\/aziende\/debt-advisory\/#primaryimage"},"image":{"@id":"https:\/\/www.ifa-financialservice.it\/it\/aziende\/debt-advisory\/#primaryimage"},"thumbnailUrl":"https:\/\/www.ifa-financialservice.it\/wp-content\/uploads\/studio-foppa-8802.jpg","datePublished":"2023-11-17T09:00:53+00:00","dateModified":"2025-12-12T09:04:26+00:00","description":"I progetti di investimento ed espansione richiedono una struttura di finanziamento solida, sostenibile e coerente sotto il profilo economico e strutturale.","breadcrumb":{"@id":"https:\/\/www.ifa-financialservice.it\/it\/aziende\/debt-advisory\/#breadcrumb"},"inLanguage":"it-IT","potentialAction":[{"@type":"ReadAction","target":["https:\/\/www.ifa-financialservice.it\/it\/aziende\/debt-advisory\/"]}]},{"@type":"ImageObject","inLanguage":"it-IT","@id":"https:\/\/www.ifa-financialservice.it\/it\/aziende\/debt-advisory\/#primaryimage","url":"https:\/\/www.ifa-financialservice.it\/wp-content\/uploads\/studio-foppa-8802.jpg","contentUrl":"https:\/\/www.ifa-financialservice.it\/wp-content\/uploads\/studio-foppa-8802.jpg","width":2500,"height":1667,"caption":"1"},{"@type":"BreadcrumbList","@id":"https:\/\/www.ifa-financialservice.it\/it\/aziende\/debt-advisory\/#breadcrumb","itemListElement":[{"@type":"ListItem","position":1,"name":"Aziende","item":"https:\/\/www.ifa-financialservice.it\/it\/"},{"@type":"ListItem","position":2,"name":"Debt Advisory"}]},{"@type":"WebSite","@id":"https:\/\/www.ifa-financialservice.it\/it\/#website","url":"https:\/\/www.ifa-financialservice.it\/it\/","name":"IFA Financial Service","description":"","potentialAction":[{"@type":"SearchAction","target":{"@type":"EntryPoint","urlTemplate":"https:\/\/www.ifa-financialservice.it\/it\/?s={search_term_string}"},"query-input":"required name=search_term_string"}],"inLanguage":"it-IT"}]}},"_links":{"self":[{"href":"https:\/\/www.ifa-financialservice.it\/it\/wp-json\/wp\/v2\/pages\/604","targetHints":{"allow":["GET"]}}],"collection":[{"href":"https:\/\/www.ifa-financialservice.it\/it\/wp-json\/wp\/v2\/pages"}],"about":[{"href":"https:\/\/www.ifa-financialservice.it\/it\/wp-json\/wp\/v2\/types\/page"}],"author":[{"embeddable":true,"href":"https:\/\/www.ifa-financialservice.it\/it\/wp-json\/wp\/v2\/users\/1"}],"replies":[{"embeddable":true,"href":"https:\/\/www.ifa-financialservice.it\/it\/wp-json\/wp\/v2\/comments?post=604"}],"version-history":[{"count":3,"href":"https:\/\/www.ifa-financialservice.it\/it\/wp-json\/wp\/v2\/pages\/604\/revisions"}],"predecessor-version":[{"id":681,"href":"https:\/\/www.ifa-financialservice.it\/it\/wp-json\/wp\/v2\/pages\/604\/revisions\/681"}],"up":[{"embeddable":true,"href":"https:\/\/www.ifa-financialservice.it\/it\/wp-json\/wp\/v2\/pages\/588"}],"wp:featuredmedia":[{"embeddable":true,"href":"https:\/\/www.ifa-financialservice.it\/it\/wp-json\/wp\/v2\/media\/415"}],"wp:attachment":[{"href":"https:\/\/www.ifa-financialservice.it\/it\/wp-json\/wp\/v2\/media?parent=604"}],"curies":[{"name":"wp","href":"https:\/\/api.w.org\/{rel}","templated":true}]}}