{"id":621,"date":"2023-11-17T10:06:10","date_gmt":"2023-11-17T09:06:10","guid":{"rendered":"https:\/\/www.ifa-financialservice.it\/aziende\/spezialloesungen\/"},"modified":"2024-05-28T15:37:17","modified_gmt":"2024-05-28T13:37:17","slug":"soluzioni-speciali","status":"publish","type":"page","link":"https:\/\/www.ifa-financialservice.it\/it\/aziende\/soluzioni-speciali\/","title":{"rendered":"Soluzioni speciali"},"content":{"rendered":"<p>Per famiglie e imprenditori: Sicurezza, privacy e sostenibilit\u00e0 per il vostro patrimonio. Offriamo soluzioni personalizzate, tra cui soluzioni fiduciarie, accordi familiari, patrimoni e trust di famiglia. Il nostro obiettivo \u00e8 preservare il vostro patrimonio, creare opportunit\u00e0 e condividere le responsabilit\u00e0. Insieme ai nostri partner, saremo lieti di valutare le esigenze e di supportarvi nell&#8217;implementazione di diverse soluzioni specializzate.<\/p>\n<p><strong>Soluzioni per i trust<br \/>\n<\/strong>Il trust \u00e8 un rapporto giuridico in cui una persona fisica o giuridica (fiduciario) trasferisce un diritto a una seconda persona (trustee) a condizione che tale diritto non venga utilizzato per fini personali. La propriet\u00e0 del bene o del diritto trasferito rimane al disponente, che pu\u00f2 dare istruzioni al trustee su come agire. Egli agisce a nome proprio, ma sempre nell&#8217;interesse del cliente. (Ad esempio, un cliente acquisisce una partecipazione in una societ\u00e0, ma non vuole essere associato ad essa per nome).<\/p>\n<p><strong>Patto di famiglia<br \/>\n<\/strong>Il patto di famiglia \u00e8 un accordo tra un imprenditore e i suoi familiari che hanno diritto a una quota obbligatoria. L&#8217;oggetto dell&#8217;accordo \u00e8 il trasferimento dell&#8217;azienda a uno o pi\u00f9 discendenti e in seguito il pagamento di un indennizzo agli altri aventi diritto a una quota obbligatoria.<\/p>\n<p><strong>Patrimonio familiare<br \/>\n<\/strong>Uno o entrambi i coniugi possono designare un patrimonio familiare in un atto pubblico. Essi designano determinati beni o attivit\u00e0 per soddisfare i bisogni o garantire il sostentamento della famiglia. La designazione di un patrimonio familiare diventa interessante nella seguente situazione: entrambi i coniugi sono esposti a rischi imprenditoriali e hanno altre persone &#8211; di solito i propri figli &#8211; a loro carico. Vogliono proteggerli in modo che, nel caso in cui si concretizzino i rischi legati alle loro attivit\u00e0 imprenditoriali, non sia possibile accedere a parti del loro patrimonio privato. Questa protezione si ottiene designando un patrimonio familiare. Naturalmente, ogni situazione ha le sue peculiarit\u00e0 ed \u00e8 importante determinare l&#8217;opzione ottimale analizzandola a fondo.<\/p>\n<p><strong>Il Trust<br \/>\n<\/strong>Il trust \u00e8 un rapporto giuridico in cui il disponente trasferisce beni immobili e mobili a un trustee affinch\u00e9 li amministri con l&#8217;intento di favorire una persona o per uno scopo specifico. Questo pu\u00f2 essere fatto per proteggere la famiglia, per salvaguardare il patrimonio, per la successione generazionale o per il bene comune.<\/p>\n","protected":false},"excerpt":{"rendered":"<p>Per famiglie e imprenditori: Sicurezza, privacy e sostenibilit\u00e0 per il vostro patrimonio. Offriamo soluzioni personalizzate, tra cui soluzioni fiduciarie, accordi familiari, patrimoni e trust di famiglia. Il nostro obiettivo \u00e8 preservare il vostro patrimonio, creare opportunit\u00e0 e condividere le responsabilit\u00e0. Insieme ai nostri partner, saremo lieti di valutare le esigenze e di supportarvi nell&#8217;implementazione di [&hellip;]<\/p>\n","protected":false},"author":1,"featured_media":483,"parent":588,"menu_order":0,"comment_status":"closed","ping_status":"closed","template":"template-Child.php","meta":{"_acf_changed":false,"inline_featured_image":false,"footnotes":""},"class_list":["post-621","page","type-page","status-publish","has-post-thumbnail","hentry"],"acf":[],"yoast_head":"<!-- This site is optimized with the Yoast SEO plugin v22.8 - https:\/\/yoast.com\/wordpress\/plugins\/seo\/ -->\n<title>Soluzioni speciali<\/title>\n<meta name=\"description\" content=\"Le nostre soluzioni speciali: Offriamo soluzioni personalizzate, tra cui soluzioni per i trust, patti di famiglia, patrimoni familiari.\" \/>\n<meta name=\"robots\" content=\"index, follow, max-snippet:-1, max-image-preview:large, max-video-preview:-1\" \/>\n<link rel=\"canonical\" href=\"https:\/\/www.ifa-financialservice.it\/it\/aziende\/soluzioni-speciali\/\" \/>\n<meta property=\"og:locale\" content=\"it_IT\" \/>\n<meta property=\"og:type\" content=\"article\" \/>\n<meta property=\"og:title\" content=\"Soluzioni speciali\" \/>\n<meta property=\"og:description\" content=\"Le nostre soluzioni speciali: Offriamo soluzioni personalizzate, tra cui soluzioni per i trust, patti di famiglia, patrimoni familiari.\" \/>\n<meta property=\"og:url\" content=\"https:\/\/www.ifa-financialservice.it\/it\/aziende\/soluzioni-speciali\/\" \/>\n<meta property=\"og:site_name\" content=\"IFA Financial Service\" \/>\n<meta property=\"article:modified_time\" content=\"2024-05-28T13:37:17+00:00\" \/>\n<meta property=\"og:image\" content=\"https:\/\/www.ifa-financialservice.it\/wp-content\/uploads\/studio-foppa-9036.jpg\" \/>\n\t<meta property=\"og:image:width\" content=\"2500\" \/>\n\t<meta property=\"og:image:height\" content=\"1667\" \/>\n\t<meta property=\"og:image:type\" content=\"image\/jpeg\" \/>\n<meta name=\"twitter:label1\" content=\"Tempo di lettura stimato\" \/>\n\t<meta name=\"twitter:data1\" content=\"3 minuti\" \/>\n<script type=\"application\/ld+json\" class=\"yoast-schema-graph\">{\"@context\":\"https:\/\/schema.org\",\"@graph\":[{\"@type\":\"WebPage\",\"@id\":\"https:\/\/www.ifa-financialservice.it\/it\/aziende\/soluzioni-speciali\/\",\"url\":\"https:\/\/www.ifa-financialservice.it\/it\/aziende\/soluzioni-speciali\/\",\"name\":\"Soluzioni speciali\",\"isPartOf\":{\"@id\":\"https:\/\/www.ifa-financialservice.it\/it\/#website\"},\"primaryImageOfPage\":{\"@id\":\"https:\/\/www.ifa-financialservice.it\/it\/aziende\/soluzioni-speciali\/#primaryimage\"},\"image\":{\"@id\":\"https:\/\/www.ifa-financialservice.it\/it\/aziende\/soluzioni-speciali\/#primaryimage\"},\"thumbnailUrl\":\"https:\/\/www.ifa-financialservice.it\/wp-content\/uploads\/studio-foppa-9036.jpg\",\"datePublished\":\"2023-11-17T09:06:10+00:00\",\"dateModified\":\"2024-05-28T13:37:17+00:00\",\"description\":\"Le nostre soluzioni speciali: Offriamo soluzioni personalizzate, tra cui soluzioni per i trust, patti di famiglia, patrimoni familiari.\",\"breadcrumb\":{\"@id\":\"https:\/\/www.ifa-financialservice.it\/it\/aziende\/soluzioni-speciali\/#breadcrumb\"},\"inLanguage\":\"it-IT\",\"potentialAction\":[{\"@type\":\"ReadAction\",\"target\":[\"https:\/\/www.ifa-financialservice.it\/it\/aziende\/soluzioni-speciali\/\"]}]},{\"@type\":\"ImageObject\",\"inLanguage\":\"it-IT\",\"@id\":\"https:\/\/www.ifa-financialservice.it\/it\/aziende\/soluzioni-speciali\/#primaryimage\",\"url\":\"https:\/\/www.ifa-financialservice.it\/wp-content\/uploads\/studio-foppa-9036.jpg\",\"contentUrl\":\"https:\/\/www.ifa-financialservice.it\/wp-content\/uploads\/studio-foppa-9036.jpg\",\"width\":2500,\"height\":1667,\"caption\":\"aaaa\"},{\"@type\":\"BreadcrumbList\",\"@id\":\"https:\/\/www.ifa-financialservice.it\/it\/aziende\/soluzioni-speciali\/#breadcrumb\",\"itemListElement\":[{\"@type\":\"ListItem\",\"position\":1,\"name\":\"Aziende\",\"item\":\"https:\/\/www.ifa-financialservice.it\/it\/\"},{\"@type\":\"ListItem\",\"position\":2,\"name\":\"Soluzioni speciali\"}]},{\"@type\":\"WebSite\",\"@id\":\"https:\/\/www.ifa-financialservice.it\/it\/#website\",\"url\":\"https:\/\/www.ifa-financialservice.it\/it\/\",\"name\":\"IFA Financial Service\",\"description\":\"\",\"potentialAction\":[{\"@type\":\"SearchAction\",\"target\":{\"@type\":\"EntryPoint\",\"urlTemplate\":\"https:\/\/www.ifa-financialservice.it\/it\/?s={search_term_string}\"},\"query-input\":\"required name=search_term_string\"}],\"inLanguage\":\"it-IT\"}]}<\/script>\n<!-- \/ Yoast SEO plugin. -->","yoast_head_json":{"title":"Soluzioni speciali","description":"Le nostre soluzioni speciali: Offriamo soluzioni personalizzate, tra cui soluzioni per i trust, patti di famiglia, patrimoni familiari.","robots":{"index":"index","follow":"follow","max-snippet":"max-snippet:-1","max-image-preview":"max-image-preview:large","max-video-preview":"max-video-preview:-1"},"canonical":"https:\/\/www.ifa-financialservice.it\/it\/aziende\/soluzioni-speciali\/","og_locale":"it_IT","og_type":"article","og_title":"Soluzioni speciali","og_description":"Le nostre soluzioni speciali: Offriamo soluzioni personalizzate, tra cui soluzioni per i trust, patti di famiglia, patrimoni familiari.","og_url":"https:\/\/www.ifa-financialservice.it\/it\/aziende\/soluzioni-speciali\/","og_site_name":"IFA Financial Service","article_modified_time":"2024-05-28T13:37:17+00:00","og_image":[{"width":2500,"height":1667,"url":"https:\/\/www.ifa-financialservice.it\/wp-content\/uploads\/studio-foppa-9036.jpg","type":"image\/jpeg"}],"twitter_misc":{"Tempo di lettura stimato":"3 minuti"},"schema":{"@context":"https:\/\/schema.org","@graph":[{"@type":"WebPage","@id":"https:\/\/www.ifa-financialservice.it\/it\/aziende\/soluzioni-speciali\/","url":"https:\/\/www.ifa-financialservice.it\/it\/aziende\/soluzioni-speciali\/","name":"Soluzioni speciali","isPartOf":{"@id":"https:\/\/www.ifa-financialservice.it\/it\/#website"},"primaryImageOfPage":{"@id":"https:\/\/www.ifa-financialservice.it\/it\/aziende\/soluzioni-speciali\/#primaryimage"},"image":{"@id":"https:\/\/www.ifa-financialservice.it\/it\/aziende\/soluzioni-speciali\/#primaryimage"},"thumbnailUrl":"https:\/\/www.ifa-financialservice.it\/wp-content\/uploads\/studio-foppa-9036.jpg","datePublished":"2023-11-17T09:06:10+00:00","dateModified":"2024-05-28T13:37:17+00:00","description":"Le nostre soluzioni speciali: Offriamo soluzioni personalizzate, tra cui soluzioni per i trust, patti di famiglia, patrimoni familiari.","breadcrumb":{"@id":"https:\/\/www.ifa-financialservice.it\/it\/aziende\/soluzioni-speciali\/#breadcrumb"},"inLanguage":"it-IT","potentialAction":[{"@type":"ReadAction","target":["https:\/\/www.ifa-financialservice.it\/it\/aziende\/soluzioni-speciali\/"]}]},{"@type":"ImageObject","inLanguage":"it-IT","@id":"https:\/\/www.ifa-financialservice.it\/it\/aziende\/soluzioni-speciali\/#primaryimage","url":"https:\/\/www.ifa-financialservice.it\/wp-content\/uploads\/studio-foppa-9036.jpg","contentUrl":"https:\/\/www.ifa-financialservice.it\/wp-content\/uploads\/studio-foppa-9036.jpg","width":2500,"height":1667,"caption":"aaaa"},{"@type":"BreadcrumbList","@id":"https:\/\/www.ifa-financialservice.it\/it\/aziende\/soluzioni-speciali\/#breadcrumb","itemListElement":[{"@type":"ListItem","position":1,"name":"Aziende","item":"https:\/\/www.ifa-financialservice.it\/it\/"},{"@type":"ListItem","position":2,"name":"Soluzioni speciali"}]},{"@type":"WebSite","@id":"https:\/\/www.ifa-financialservice.it\/it\/#website","url":"https:\/\/www.ifa-financialservice.it\/it\/","name":"IFA Financial Service","description":"","potentialAction":[{"@type":"SearchAction","target":{"@type":"EntryPoint","urlTemplate":"https:\/\/www.ifa-financialservice.it\/it\/?s={search_term_string}"},"query-input":"required name=search_term_string"}],"inLanguage":"it-IT"}]}},"_links":{"self":[{"href":"https:\/\/www.ifa-financialservice.it\/it\/wp-json\/wp\/v2\/pages\/621","targetHints":{"allow":["GET"]}}],"collection":[{"href":"https:\/\/www.ifa-financialservice.it\/it\/wp-json\/wp\/v2\/pages"}],"about":[{"href":"https:\/\/www.ifa-financialservice.it\/it\/wp-json\/wp\/v2\/types\/page"}],"author":[{"embeddable":true,"href":"https:\/\/www.ifa-financialservice.it\/it\/wp-json\/wp\/v2\/users\/1"}],"replies":[{"embeddable":true,"href":"https:\/\/www.ifa-financialservice.it\/it\/wp-json\/wp\/v2\/comments?post=621"}],"version-history":[{"count":1,"href":"https:\/\/www.ifa-financialservice.it\/it\/wp-json\/wp\/v2\/pages\/621\/revisions"}],"predecessor-version":[{"id":622,"href":"https:\/\/www.ifa-financialservice.it\/it\/wp-json\/wp\/v2\/pages\/621\/revisions\/622"}],"up":[{"embeddable":true,"href":"https:\/\/www.ifa-financialservice.it\/it\/wp-json\/wp\/v2\/pages\/588"}],"wp:featuredmedia":[{"embeddable":true,"href":"https:\/\/www.ifa-financialservice.it\/it\/wp-json\/wp\/v2\/media\/483"}],"wp:attachment":[{"href":"https:\/\/www.ifa-financialservice.it\/it\/wp-json\/wp\/v2\/media?parent=621"}],"curies":[{"name":"wp","href":"https:\/\/api.w.org\/{rel}","templated":true}]}}