{"id":623,"date":"2023-11-17T11:41:36","date_gmt":"2023-11-17T10:41:36","guid":{"rendered":"https:\/\/www.ifa-financialservice.it\/privati\/finanzoptimierung\/"},"modified":"2024-05-28T15:59:47","modified_gmt":"2024-05-28T13:59:47","slug":"ottimazione-finanziaria","status":"publish","type":"page","link":"https:\/\/www.ifa-financialservice.it\/it\/privati\/ottimazione-finanziaria\/","title":{"rendered":"Ottimazione finanziaria"},"content":{"rendered":"<p>Che si tratti di una prima casa, di un investimento immobiliare o di un progetto speciale, non sempre la propria liquidit\u00e0 \u00e8 sufficiente per effettuare tali acquisti senza ricorrere a un capitale di terzi oppure un prestito. Non \u00e8 sempre facile trovare la migliore opzione di finanziamento tra le varie offerte disponibili. Un finanziamento vantaggioso non \u00e8 solo la realizzazione di tassi d&#8217;interesse bassi. L&#8217;interazione delle singole componenti &#8211; durata del prestito, tasso di rimborso, tasso di interesse e i vari costi accessori &#8211; \u00e8 fondamentale.<\/p>\n","protected":false},"excerpt":{"rendered":"<p>Che si tratti di una prima casa, di un investimento immobiliare o di un progetto speciale, non sempre la propria liquidit\u00e0 \u00e8 sufficiente per effettuare tali acquisti senza ricorrere a un capitale di terzi oppure un prestito. Non \u00e8 sempre facile trovare la migliore opzione di finanziamento tra le varie offerte disponibili. Un finanziamento vantaggioso [&hellip;]<\/p>\n","protected":false},"author":1,"featured_media":624,"parent":591,"menu_order":0,"comment_status":"closed","ping_status":"closed","template":"template-Child.php","meta":{"_acf_changed":false,"inline_featured_image":false,"footnotes":""},"class_list":["post-623","page","type-page","status-publish","has-post-thumbnail","hentry"],"acf":[],"yoast_head":"<!-- This site is optimized with the Yoast SEO plugin v22.8 - https:\/\/yoast.com\/wordpress\/plugins\/seo\/ -->\n<title>Ottimazione finanziaria<\/title>\n<meta name=\"description\" content=\"Che si tratti della prima casa, di un investimento immobiliare o di un progetto speciale, possiamo aiutarvi a ottimizzare le vostre finanze.\" \/>\n<meta name=\"robots\" content=\"index, follow, max-snippet:-1, max-image-preview:large, max-video-preview:-1\" \/>\n<link rel=\"canonical\" href=\"https:\/\/www.ifa-financialservice.it\/it\/privati\/ottimazione-finanziaria\/\" \/>\n<meta property=\"og:locale\" content=\"it_IT\" \/>\n<meta property=\"og:type\" content=\"article\" \/>\n<meta property=\"og:title\" content=\"Ottimazione finanziaria\" \/>\n<meta property=\"og:description\" content=\"Che si tratti della prima casa, di un investimento immobiliare o di un progetto speciale, possiamo aiutarvi a ottimizzare le vostre finanze.\" \/>\n<meta property=\"og:url\" content=\"https:\/\/www.ifa-financialservice.it\/it\/privati\/ottimazione-finanziaria\/\" \/>\n<meta property=\"og:site_name\" content=\"IFA Financial Service\" \/>\n<meta property=\"article:modified_time\" content=\"2024-05-28T13:59:47+00:00\" \/>\n<meta property=\"og:image\" content=\"https:\/\/www.ifa-financialservice.it\/wp-content\/uploads\/shutterstock_1673456551.jpg\" \/>\n\t<meta property=\"og:image:width\" content=\"2000\" \/>\n\t<meta property=\"og:image:height\" content=\"1333\" \/>\n\t<meta property=\"og:image:type\" content=\"image\/jpeg\" \/>\n<meta name=\"twitter:label1\" content=\"Tempo di lettura stimato\" \/>\n\t<meta name=\"twitter:data1\" content=\"1 minuto\" \/>\n<script type=\"application\/ld+json\" class=\"yoast-schema-graph\">{\"@context\":\"https:\/\/schema.org\",\"@graph\":[{\"@type\":\"WebPage\",\"@id\":\"https:\/\/www.ifa-financialservice.it\/it\/privati\/ottimazione-finanziaria\/\",\"url\":\"https:\/\/www.ifa-financialservice.it\/it\/privati\/ottimazione-finanziaria\/\",\"name\":\"Ottimazione finanziaria\",\"isPartOf\":{\"@id\":\"https:\/\/www.ifa-financialservice.it\/it\/#website\"},\"primaryImageOfPage\":{\"@id\":\"https:\/\/www.ifa-financialservice.it\/it\/privati\/ottimazione-finanziaria\/#primaryimage\"},\"image\":{\"@id\":\"https:\/\/www.ifa-financialservice.it\/it\/privati\/ottimazione-finanziaria\/#primaryimage\"},\"thumbnailUrl\":\"https:\/\/www.ifa-financialservice.it\/wp-content\/uploads\/shutterstock_1673456551.jpg\",\"datePublished\":\"2023-11-17T10:41:36+00:00\",\"dateModified\":\"2024-05-28T13:59:47+00:00\",\"description\":\"Che si tratti della prima casa, di un investimento immobiliare o di un progetto speciale, possiamo aiutarvi a ottimizzare le vostre finanze.\",\"breadcrumb\":{\"@id\":\"https:\/\/www.ifa-financialservice.it\/it\/privati\/ottimazione-finanziaria\/#breadcrumb\"},\"inLanguage\":\"it-IT\",\"potentialAction\":[{\"@type\":\"ReadAction\",\"target\":[\"https:\/\/www.ifa-financialservice.it\/it\/privati\/ottimazione-finanziaria\/\"]}]},{\"@type\":\"ImageObject\",\"inLanguage\":\"it-IT\",\"@id\":\"https:\/\/www.ifa-financialservice.it\/it\/privati\/ottimazione-finanziaria\/#primaryimage\",\"url\":\"https:\/\/www.ifa-financialservice.it\/wp-content\/uploads\/shutterstock_1673456551.jpg\",\"contentUrl\":\"https:\/\/www.ifa-financialservice.it\/wp-content\/uploads\/shutterstock_1673456551.jpg\",\"width\":2000,\"height\":1333},{\"@type\":\"BreadcrumbList\",\"@id\":\"https:\/\/www.ifa-financialservice.it\/it\/privati\/ottimazione-finanziaria\/#breadcrumb\",\"itemListElement\":[{\"@type\":\"ListItem\",\"position\":1,\"name\":\"Privati\",\"item\":\"https:\/\/www.ifa-financialservice.it\/it\/privati\/\"},{\"@type\":\"ListItem\",\"position\":2,\"name\":\"Ottimazione finanziaria\"}]},{\"@type\":\"WebSite\",\"@id\":\"https:\/\/www.ifa-financialservice.it\/it\/#website\",\"url\":\"https:\/\/www.ifa-financialservice.it\/it\/\",\"name\":\"IFA Financial Service\",\"description\":\"\",\"potentialAction\":[{\"@type\":\"SearchAction\",\"target\":{\"@type\":\"EntryPoint\",\"urlTemplate\":\"https:\/\/www.ifa-financialservice.it\/it\/?s={search_term_string}\"},\"query-input\":\"required name=search_term_string\"}],\"inLanguage\":\"it-IT\"}]}<\/script>\n<!-- \/ Yoast SEO plugin. -->","yoast_head_json":{"title":"Ottimazione finanziaria","description":"Che si tratti della prima casa, di un investimento immobiliare o di un progetto speciale, possiamo aiutarvi a ottimizzare le vostre finanze.","robots":{"index":"index","follow":"follow","max-snippet":"max-snippet:-1","max-image-preview":"max-image-preview:large","max-video-preview":"max-video-preview:-1"},"canonical":"https:\/\/www.ifa-financialservice.it\/it\/privati\/ottimazione-finanziaria\/","og_locale":"it_IT","og_type":"article","og_title":"Ottimazione finanziaria","og_description":"Che si tratti della prima casa, di un investimento immobiliare o di un progetto speciale, possiamo aiutarvi a ottimizzare le vostre finanze.","og_url":"https:\/\/www.ifa-financialservice.it\/it\/privati\/ottimazione-finanziaria\/","og_site_name":"IFA Financial Service","article_modified_time":"2024-05-28T13:59:47+00:00","og_image":[{"width":2000,"height":1333,"url":"https:\/\/www.ifa-financialservice.it\/wp-content\/uploads\/shutterstock_1673456551.jpg","type":"image\/jpeg"}],"twitter_misc":{"Tempo di lettura stimato":"1 minuto"},"schema":{"@context":"https:\/\/schema.org","@graph":[{"@type":"WebPage","@id":"https:\/\/www.ifa-financialservice.it\/it\/privati\/ottimazione-finanziaria\/","url":"https:\/\/www.ifa-financialservice.it\/it\/privati\/ottimazione-finanziaria\/","name":"Ottimazione finanziaria","isPartOf":{"@id":"https:\/\/www.ifa-financialservice.it\/it\/#website"},"primaryImageOfPage":{"@id":"https:\/\/www.ifa-financialservice.it\/it\/privati\/ottimazione-finanziaria\/#primaryimage"},"image":{"@id":"https:\/\/www.ifa-financialservice.it\/it\/privati\/ottimazione-finanziaria\/#primaryimage"},"thumbnailUrl":"https:\/\/www.ifa-financialservice.it\/wp-content\/uploads\/shutterstock_1673456551.jpg","datePublished":"2023-11-17T10:41:36+00:00","dateModified":"2024-05-28T13:59:47+00:00","description":"Che si tratti della prima casa, di un investimento immobiliare o di un progetto speciale, possiamo aiutarvi a ottimizzare le vostre finanze.","breadcrumb":{"@id":"https:\/\/www.ifa-financialservice.it\/it\/privati\/ottimazione-finanziaria\/#breadcrumb"},"inLanguage":"it-IT","potentialAction":[{"@type":"ReadAction","target":["https:\/\/www.ifa-financialservice.it\/it\/privati\/ottimazione-finanziaria\/"]}]},{"@type":"ImageObject","inLanguage":"it-IT","@id":"https:\/\/www.ifa-financialservice.it\/it\/privati\/ottimazione-finanziaria\/#primaryimage","url":"https:\/\/www.ifa-financialservice.it\/wp-content\/uploads\/shutterstock_1673456551.jpg","contentUrl":"https:\/\/www.ifa-financialservice.it\/wp-content\/uploads\/shutterstock_1673456551.jpg","width":2000,"height":1333},{"@type":"BreadcrumbList","@id":"https:\/\/www.ifa-financialservice.it\/it\/privati\/ottimazione-finanziaria\/#breadcrumb","itemListElement":[{"@type":"ListItem","position":1,"name":"Privati","item":"https:\/\/www.ifa-financialservice.it\/it\/privati\/"},{"@type":"ListItem","position":2,"name":"Ottimazione finanziaria"}]},{"@type":"WebSite","@id":"https:\/\/www.ifa-financialservice.it\/it\/#website","url":"https:\/\/www.ifa-financialservice.it\/it\/","name":"IFA Financial Service","description":"","potentialAction":[{"@type":"SearchAction","target":{"@type":"EntryPoint","urlTemplate":"https:\/\/www.ifa-financialservice.it\/it\/?s={search_term_string}"},"query-input":"required name=search_term_string"}],"inLanguage":"it-IT"}]}},"_links":{"self":[{"href":"https:\/\/www.ifa-financialservice.it\/it\/wp-json\/wp\/v2\/pages\/623","targetHints":{"allow":["GET"]}}],"collection":[{"href":"https:\/\/www.ifa-financialservice.it\/it\/wp-json\/wp\/v2\/pages"}],"about":[{"href":"https:\/\/www.ifa-financialservice.it\/it\/wp-json\/wp\/v2\/types\/page"}],"author":[{"embeddable":true,"href":"https:\/\/www.ifa-financialservice.it\/it\/wp-json\/wp\/v2\/users\/1"}],"replies":[{"embeddable":true,"href":"https:\/\/www.ifa-financialservice.it\/it\/wp-json\/wp\/v2\/comments?post=623"}],"version-history":[{"count":1,"href":"https:\/\/www.ifa-financialservice.it\/it\/wp-json\/wp\/v2\/pages\/623\/revisions"}],"predecessor-version":[{"id":625,"href":"https:\/\/www.ifa-financialservice.it\/it\/wp-json\/wp\/v2\/pages\/623\/revisions\/625"}],"up":[{"embeddable":true,"href":"https:\/\/www.ifa-financialservice.it\/it\/wp-json\/wp\/v2\/pages\/591"}],"wp:featuredmedia":[{"embeddable":true,"href":"https:\/\/www.ifa-financialservice.it\/it\/wp-json\/wp\/v2\/media\/624"}],"wp:attachment":[{"href":"https:\/\/www.ifa-financialservice.it\/it\/wp-json\/wp\/v2\/media?parent=623"}],"curies":[{"name":"wp","href":"https:\/\/api.w.org\/{rel}","templated":true}]}}