{"id":632,"date":"2023-11-17T11:42:07","date_gmt":"2023-11-17T10:42:07","guid":{"rendered":"https:\/\/www.ifa-financialservice.it\/privati\/versicherungen\/"},"modified":"2024-05-28T15:56:22","modified_gmt":"2024-05-28T13:56:22","slug":"assicurazioni","status":"publish","type":"page","link":"https:\/\/www.ifa-financialservice.it\/it\/privati\/assicurazioni\/","title":{"rendered":"Assicurazioni"},"content":{"rendered":"<p><strong>Assicurazioni sulla vita<br \/>\n<\/strong>L&#8217;assicurazione sulla vita non solo offre sicurezza finanziaria ai vostri discendenti o al vostro partner in caso di morte, ma pu\u00f2 anche essere un interessante modello di risparmio. Le assicurazioni sulla vita si dividono in assicurazioni sulla vita a capitalizzazione e assicurazioni sulla vita a termine. Con la prima, alla fine del periodo di validit\u00e0, si riceve un pagamento in conto capitale, una rendita vitalizia o temporanea o una combinazione di entrambi. L&#8217;assicurazione sulla vita \u00e8 quindi un modo per investire denaro o per conservare il capitale con vantaggi fiscali. Con l&#8217;assicurazione sulla vita a termine, non viene versato nessun importo. Il versamento avverr\u00e0 nel momento in cui si dovesse effettivamente verificare il decesso. Lo scopo \u00e8 quello di proteggere i discendenti.<\/p>\n<p>&nbsp;<\/p>\n<p><strong>Assicurazione sulla propriet\u00e0<br \/>\n<\/strong>Nessuno \u00e8 immune contro danni come incendi, tempeste, furti: tutto ci\u00f2 pu\u00f2 danneggiare i vostri beni. Per essere sicuri di essere protetti in caso di tali eventi, un&#8217;assicurazione immobiliare \u00e8 una buona soluzione.<\/p>\n<p>Potete assicurare i vostri beni in base alle vostre esigenze individuali. Vi aiuteremo a trovare la soluzione migliore per voi. A tal motivo offriamo una verifica rischio non vincolante da parte nostra, in cui il vostro immobile viene posto al confrontato con i potenziali rischi.<\/p>\n","protected":false},"excerpt":{"rendered":"<p>Assicurazioni sulla vita L&#8217;assicurazione sulla vita non solo offre sicurezza finanziaria ai vostri discendenti o al vostro partner in caso di morte, ma pu\u00f2 anche essere un interessante modello di risparmio. Le assicurazioni sulla vita si dividono in assicurazioni sulla vita a capitalizzazione e assicurazioni sulla vita a termine. Con la prima, alla fine del [&hellip;]<\/p>\n","protected":false},"author":1,"featured_media":633,"parent":591,"menu_order":0,"comment_status":"closed","ping_status":"closed","template":"template-Child.php","meta":{"_acf_changed":false,"inline_featured_image":false,"footnotes":""},"class_list":["post-632","page","type-page","status-publish","has-post-thumbnail","hentry"],"acf":[],"yoast_head":"<!-- This site is optimized with the Yoast SEO plugin v22.8 - https:\/\/yoast.com\/wordpress\/plugins\/seo\/ -->\n<title>Assicurazioni<\/title>\n<meta name=\"description\" content=\"Scoprite di pi\u00f9 sulle assicurazioni sulla vita e sulla propriet\u00e0 presso IFA Financial a Egna. Saremo lieti di consigliarvi.\" \/>\n<meta name=\"robots\" content=\"index, follow, max-snippet:-1, max-image-preview:large, max-video-preview:-1\" \/>\n<link rel=\"canonical\" href=\"https:\/\/www.ifa-financialservice.it\/it\/privati\/assicurazioni\/\" \/>\n<meta property=\"og:locale\" content=\"it_IT\" \/>\n<meta property=\"og:type\" content=\"article\" \/>\n<meta property=\"og:title\" content=\"Assicurazioni\" \/>\n<meta property=\"og:description\" content=\"Scoprite di pi\u00f9 sulle assicurazioni sulla vita e sulla propriet\u00e0 presso IFA Financial a Egna. Saremo lieti di consigliarvi.\" \/>\n<meta property=\"og:url\" content=\"https:\/\/www.ifa-financialservice.it\/it\/privati\/assicurazioni\/\" \/>\n<meta property=\"og:site_name\" content=\"IFA Financial Service\" \/>\n<meta property=\"article:modified_time\" content=\"2024-05-28T13:56:22+00:00\" \/>\n<meta property=\"og:image\" content=\"https:\/\/www.ifa-financialservice.it\/wp-content\/uploads\/shutterstock_1932759602.jpg\" \/>\n\t<meta property=\"og:image:width\" content=\"2000\" \/>\n\t<meta property=\"og:image:height\" content=\"1331\" \/>\n\t<meta property=\"og:image:type\" content=\"image\/jpeg\" \/>\n<meta name=\"twitter:label1\" content=\"Tempo di lettura stimato\" \/>\n\t<meta name=\"twitter:data1\" content=\"2 minuti\" \/>\n<script type=\"application\/ld+json\" class=\"yoast-schema-graph\">{\"@context\":\"https:\/\/schema.org\",\"@graph\":[{\"@type\":\"WebPage\",\"@id\":\"https:\/\/www.ifa-financialservice.it\/it\/privati\/assicurazioni\/\",\"url\":\"https:\/\/www.ifa-financialservice.it\/it\/privati\/assicurazioni\/\",\"name\":\"Assicurazioni\",\"isPartOf\":{\"@id\":\"https:\/\/www.ifa-financialservice.it\/it\/#website\"},\"primaryImageOfPage\":{\"@id\":\"https:\/\/www.ifa-financialservice.it\/it\/privati\/assicurazioni\/#primaryimage\"},\"image\":{\"@id\":\"https:\/\/www.ifa-financialservice.it\/it\/privati\/assicurazioni\/#primaryimage\"},\"thumbnailUrl\":\"https:\/\/www.ifa-financialservice.it\/wp-content\/uploads\/shutterstock_1932759602.jpg\",\"datePublished\":\"2023-11-17T10:42:07+00:00\",\"dateModified\":\"2024-05-28T13:56:22+00:00\",\"description\":\"Scoprite di pi\u00f9 sulle assicurazioni sulla vita e sulla propriet\u00e0 presso IFA Financial a Egna. Saremo lieti di consigliarvi.\",\"breadcrumb\":{\"@id\":\"https:\/\/www.ifa-financialservice.it\/it\/privati\/assicurazioni\/#breadcrumb\"},\"inLanguage\":\"it-IT\",\"potentialAction\":[{\"@type\":\"ReadAction\",\"target\":[\"https:\/\/www.ifa-financialservice.it\/it\/privati\/assicurazioni\/\"]}]},{\"@type\":\"ImageObject\",\"inLanguage\":\"it-IT\",\"@id\":\"https:\/\/www.ifa-financialservice.it\/it\/privati\/assicurazioni\/#primaryimage\",\"url\":\"https:\/\/www.ifa-financialservice.it\/wp-content\/uploads\/shutterstock_1932759602.jpg\",\"contentUrl\":\"https:\/\/www.ifa-financialservice.it\/wp-content\/uploads\/shutterstock_1932759602.jpg\",\"width\":2000,\"height\":1331},{\"@type\":\"BreadcrumbList\",\"@id\":\"https:\/\/www.ifa-financialservice.it\/it\/privati\/assicurazioni\/#breadcrumb\",\"itemListElement\":[{\"@type\":\"ListItem\",\"position\":1,\"name\":\"Privati\",\"item\":\"https:\/\/www.ifa-financialservice.it\/it\/privati\/\"},{\"@type\":\"ListItem\",\"position\":2,\"name\":\"Assicurazioni\"}]},{\"@type\":\"WebSite\",\"@id\":\"https:\/\/www.ifa-financialservice.it\/it\/#website\",\"url\":\"https:\/\/www.ifa-financialservice.it\/it\/\",\"name\":\"IFA Financial Service\",\"description\":\"\",\"potentialAction\":[{\"@type\":\"SearchAction\",\"target\":{\"@type\":\"EntryPoint\",\"urlTemplate\":\"https:\/\/www.ifa-financialservice.it\/it\/?s={search_term_string}\"},\"query-input\":\"required name=search_term_string\"}],\"inLanguage\":\"it-IT\"}]}<\/script>\n<!-- \/ Yoast SEO plugin. -->","yoast_head_json":{"title":"Assicurazioni","description":"Scoprite di pi\u00f9 sulle assicurazioni sulla vita e sulla propriet\u00e0 presso IFA Financial a Egna. Saremo lieti di consigliarvi.","robots":{"index":"index","follow":"follow","max-snippet":"max-snippet:-1","max-image-preview":"max-image-preview:large","max-video-preview":"max-video-preview:-1"},"canonical":"https:\/\/www.ifa-financialservice.it\/it\/privati\/assicurazioni\/","og_locale":"it_IT","og_type":"article","og_title":"Assicurazioni","og_description":"Scoprite di pi\u00f9 sulle assicurazioni sulla vita e sulla propriet\u00e0 presso IFA Financial a Egna. Saremo lieti di consigliarvi.","og_url":"https:\/\/www.ifa-financialservice.it\/it\/privati\/assicurazioni\/","og_site_name":"IFA Financial Service","article_modified_time":"2024-05-28T13:56:22+00:00","og_image":[{"width":2000,"height":1331,"url":"https:\/\/www.ifa-financialservice.it\/wp-content\/uploads\/shutterstock_1932759602.jpg","type":"image\/jpeg"}],"twitter_misc":{"Tempo di lettura stimato":"2 minuti"},"schema":{"@context":"https:\/\/schema.org","@graph":[{"@type":"WebPage","@id":"https:\/\/www.ifa-financialservice.it\/it\/privati\/assicurazioni\/","url":"https:\/\/www.ifa-financialservice.it\/it\/privati\/assicurazioni\/","name":"Assicurazioni","isPartOf":{"@id":"https:\/\/www.ifa-financialservice.it\/it\/#website"},"primaryImageOfPage":{"@id":"https:\/\/www.ifa-financialservice.it\/it\/privati\/assicurazioni\/#primaryimage"},"image":{"@id":"https:\/\/www.ifa-financialservice.it\/it\/privati\/assicurazioni\/#primaryimage"},"thumbnailUrl":"https:\/\/www.ifa-financialservice.it\/wp-content\/uploads\/shutterstock_1932759602.jpg","datePublished":"2023-11-17T10:42:07+00:00","dateModified":"2024-05-28T13:56:22+00:00","description":"Scoprite di pi\u00f9 sulle assicurazioni sulla vita e sulla propriet\u00e0 presso IFA Financial a Egna. Saremo lieti di consigliarvi.","breadcrumb":{"@id":"https:\/\/www.ifa-financialservice.it\/it\/privati\/assicurazioni\/#breadcrumb"},"inLanguage":"it-IT","potentialAction":[{"@type":"ReadAction","target":["https:\/\/www.ifa-financialservice.it\/it\/privati\/assicurazioni\/"]}]},{"@type":"ImageObject","inLanguage":"it-IT","@id":"https:\/\/www.ifa-financialservice.it\/it\/privati\/assicurazioni\/#primaryimage","url":"https:\/\/www.ifa-financialservice.it\/wp-content\/uploads\/shutterstock_1932759602.jpg","contentUrl":"https:\/\/www.ifa-financialservice.it\/wp-content\/uploads\/shutterstock_1932759602.jpg","width":2000,"height":1331},{"@type":"BreadcrumbList","@id":"https:\/\/www.ifa-financialservice.it\/it\/privati\/assicurazioni\/#breadcrumb","itemListElement":[{"@type":"ListItem","position":1,"name":"Privati","item":"https:\/\/www.ifa-financialservice.it\/it\/privati\/"},{"@type":"ListItem","position":2,"name":"Assicurazioni"}]},{"@type":"WebSite","@id":"https:\/\/www.ifa-financialservice.it\/it\/#website","url":"https:\/\/www.ifa-financialservice.it\/it\/","name":"IFA Financial Service","description":"","potentialAction":[{"@type":"SearchAction","target":{"@type":"EntryPoint","urlTemplate":"https:\/\/www.ifa-financialservice.it\/it\/?s={search_term_string}"},"query-input":"required name=search_term_string"}],"inLanguage":"it-IT"}]}},"_links":{"self":[{"href":"https:\/\/www.ifa-financialservice.it\/it\/wp-json\/wp\/v2\/pages\/632","targetHints":{"allow":["GET"]}}],"collection":[{"href":"https:\/\/www.ifa-financialservice.it\/it\/wp-json\/wp\/v2\/pages"}],"about":[{"href":"https:\/\/www.ifa-financialservice.it\/it\/wp-json\/wp\/v2\/types\/page"}],"author":[{"embeddable":true,"href":"https:\/\/www.ifa-financialservice.it\/it\/wp-json\/wp\/v2\/users\/1"}],"replies":[{"embeddable":true,"href":"https:\/\/www.ifa-financialservice.it\/it\/wp-json\/wp\/v2\/comments?post=632"}],"version-history":[{"count":1,"href":"https:\/\/www.ifa-financialservice.it\/it\/wp-json\/wp\/v2\/pages\/632\/revisions"}],"predecessor-version":[{"id":634,"href":"https:\/\/www.ifa-financialservice.it\/it\/wp-json\/wp\/v2\/pages\/632\/revisions\/634"}],"up":[{"embeddable":true,"href":"https:\/\/www.ifa-financialservice.it\/it\/wp-json\/wp\/v2\/pages\/591"}],"wp:featuredmedia":[{"embeddable":true,"href":"https:\/\/www.ifa-financialservice.it\/it\/wp-json\/wp\/v2\/media\/633"}],"wp:attachment":[{"href":"https:\/\/www.ifa-financialservice.it\/it\/wp-json\/wp\/v2\/media?parent=632"}],"curies":[{"name":"wp","href":"https:\/\/api.w.org\/{rel}","templated":true}]}}